{"id":14,"date":"2025-09-08T03:45:35","date_gmt":"2025-09-08T03:45:35","guid":{"rendered":"https:\/\/jenniferirizarryesq.com\/?page_id=14"},"modified":"2025-09-23T04:02:16","modified_gmt":"2025-09-23T04:02:16","slug":"jennifer-irizarry-esq","status":"publish","type":"page","link":"https:\/\/jenniferirizarryesq.com\/","title":{"rendered":"Jennifer Irizarry Esq"},"content":{"rendered":"\t\t<div data-elementor-type=\"wp-page\" data-elementor-id=\"14\" class=\"elementor elementor-14\">\n\t\t\t\t\t\t<section class=\"elementor-section elementor-top-section elementor-element elementor-element-ffc5b64 elementor-section-height-min-height elementor-section-stretched elementor-section-boxed elementor-section-height-default elementor-section-items-middle\" data-id=\"ffc5b64\" data-element_type=\"section\" data-settings=\"{&quot;stretch_section&quot;:&quot;section-stretched&quot;,&quot;background_background&quot;:&quot;classic&quot;}\">\n\t\t\t\t\t\t<div class=\"elementor-container elementor-column-gap-default\">\n\t\t\t\t\t<div class=\"elementor-column elementor-col-100 elementor-top-column elementor-element elementor-element-3a7c320\" data-id=\"3a7c320\" data-element_type=\"column\">\n\t\t\t<div class=\"elementor-widget-wrap elementor-element-populated\">\n\t\t\t\t\t\t<div class=\"elementor-element elementor-element-86576fb elementor-widget-mobile__width-initial elementor-widget elementor-widget-heading\" data-id=\"86576fb\" data-element_type=\"widget\" data-widget_type=\"heading.default\">\n\t\t\t\t\t<h1 class=\"elementor-heading-title elementor-size-default\">Jennifer Irizarry, Esq.<br>\nAbogada de Inmigraci\u00f3n y Derechos Civiles<\/h1>\t\t\t\t<\/div>\n\t\t\t\t\t<\/div>\n\t\t<\/div>\n\t\t\t\t\t<\/div>\n\t\t<\/section>\n\t\t\t\t<section class=\"elementor-section elementor-top-section elementor-element elementor-element-3771ae5 elementor-section-boxed elementor-section-height-default elementor-section-height-default\" data-id=\"3771ae5\" data-element_type=\"section\">\n\t\t\t\t\t\t<div class=\"elementor-container elementor-column-gap-default\">\n\t\t\t\t\t<div class=\"elementor-column elementor-col-50 elementor-top-column elementor-element elementor-element-e7d2faf\" data-id=\"e7d2faf\" data-element_type=\"column\">\n\t\t\t<div class=\"elementor-widget-wrap elementor-element-populated\">\n\t\t\t\t\t\t<div class=\"elementor-element elementor-element-e7e4491 elementor-widget elementor-widget-image\" data-id=\"e7e4491\" data-element_type=\"widget\" data-widget_type=\"image.default\">\n\t\t\t\t\t\t\t\t\t\t\t\t\t\t\t<img fetchpriority=\"high\" decoding=\"async\" width=\"636\" height=\"1024\" src=\"https:\/\/jenniferirizarryesq.com\/wp-content\/uploads\/2025\/09\/Jennifer-Irizarry-Esq2-636x1024.jpg\" class=\"attachment-large size-large wp-image-42\" alt=\"\" srcset=\"https:\/\/jenniferirizarryesq.com\/wp-content\/uploads\/2025\/09\/Jennifer-Irizarry-Esq2-636x1024.jpg 636w, https:\/\/jenniferirizarryesq.com\/wp-content\/uploads\/2025\/09\/Jennifer-Irizarry-Esq2-186x300.jpg 186w, https:\/\/jenniferirizarryesq.com\/wp-content\/uploads\/2025\/09\/Jennifer-Irizarry-Esq2.jpg 709w\" sizes=\"(max-width: 636px) 100vw, 636px\" \/>\t\t\t\t\t\t\t\t\t\t\t\t\t\t\t<\/div>\n\t\t\t\t\t<\/div>\n\t\t<\/div>\n\t\t\t\t<div class=\"elementor-column elementor-col-50 elementor-top-column elementor-element elementor-element-b38b7d6\" data-id=\"b38b7d6\" data-element_type=\"column\">\n\t\t\t<div class=\"elementor-widget-wrap elementor-element-populated\">\n\t\t\t\t\t\t<div class=\"elementor-element elementor-element-92bb9f2 elementor-widget elementor-widget-heading\" data-id=\"92bb9f2\" data-element_type=\"widget\" data-widget_type=\"heading.default\">\n\t\t\t\t\t<h1 class=\"elementor-heading-title elementor-size-default\">Jennifer Irizarry, Esq.<\/h1>\t\t\t\t<\/div>\n\t\t\t\t<div class=\"elementor-element elementor-element-60a4d62 elementor-widget elementor-widget-text-editor\" data-id=\"60a4d62\" data-element_type=\"widget\" data-widget_type=\"text-editor.default\">\n\t\t\t\t\t\t\t\t\t<p class=\"p1\"><span class=\"s1\">Es una reconocida abogada con m\u00e1s de diez a\u00f1os de experiencia en derecho migratorio, derechos civiles y representaci\u00f3n legal para comunidades diversas. A lo largo de su carrera, <a href=\"https:\/\/proinmigrante.com\/\"><b>Jennifer Irizarry, Esq.<\/b><\/a> ha desarrollado una pr\u00e1ctica enfocada en la defensa estrat\u00e9gica y compasiva de sus clientes, con especial atenci\u00f3n a la comunidad hispana e inmigrante.<\/span><\/p><p class=\"p1\"><span class=\"s1\">Gracias a su formaci\u00f3n y compromiso, <a href=\"https:\/\/proinmigrante.com\/\"><b>Jennifer Irizarry, Esq.<\/b><\/a> ofrece un servicio legal integral que combina profesionalismo, accesibilidad y un profundo sentido de justicia. Su reputaci\u00f3n se basa en valores de integridad, empat\u00eda e inclusi\u00f3n, lo que ha convertido a <a href=\"https:\/\/proinmigrante.com\/\"><b>Jennifer Irizarry, Esq.<\/b><\/a>\u00a0en una referencia dentro del \u00e1mbito legal.<\/span><\/p><p class=\"p1\"><span class=\"s1\">Biling\u00fce en ingl\u00e9s y espa\u00f1ol, <a href=\"https:\/\/proinmigrante.com\/\"><b>Jennifer Irizarry, Esq.<\/b><\/a> se distingue por eliminar barreras culturales y ling\u00fc\u00edsticas, garantizando que cada cliente reciba una asesor\u00eda clara y personalizada. Con un enfoque humano y cercano, <a href=\"https:\/\/proinmigrante.com\/\"><b>Jennifer Irizarry, Esq.<\/b><\/a>\u00a0acompa\u00f1a a individuos y familias en procesos legales complejos, brindando confianza y seguridad en cada etapa.<\/span><\/p><p class=\"p1\"><span class=\"s1\">En el \u00e1mbito acad\u00e9mico, <a href=\"https:\/\/proinmigrante.com\/\"><b>Jennifer Irizarry, Esq.<\/b><\/a>\u00a0obtuvo su Juris Doctor y una Maestr\u00eda en Prevenci\u00f3n de Violencia de G\u00e9nero, lo que refuerza su compromiso con la defensa de los derechos humanos y la representaci\u00f3n de poblaciones vulnerables.<\/span><\/p><p class=\"p1\"><span class=\"s1\">Como miembro de la American Immigration Lawyers Association (AILA) y del Colegio de Abogados de Puerto Rico, <a href=\"https:\/\/proinmigrante.com\/\"><b>Jennifer Irizarry, Esq.<\/b><\/a>\u00a0respalda su pr\u00e1ctica con una s\u00f3lida preparaci\u00f3n y constante actualizaci\u00f3n legal.<\/span><\/p>\t\t\t\t\t\t\t\t<\/div>\n\t\t\t\t\t<\/div>\n\t\t<\/div>\n\t\t\t\t\t<\/div>\n\t\t<\/section>\n\t\t\t\t<section class=\"elementor-section elementor-top-section elementor-element elementor-element-fa36952 elementor-section-stretched elementor-section-boxed elementor-section-height-default elementor-section-height-default\" data-id=\"fa36952\" data-element_type=\"section\" data-settings=\"{&quot;stretch_section&quot;:&quot;section-stretched&quot;,&quot;background_background&quot;:&quot;classic&quot;}\">\n\t\t\t\t\t\t<div class=\"elementor-container elementor-column-gap-default\">\n\t\t\t\t\t<div class=\"elementor-column elementor-col-100 elementor-top-column elementor-element elementor-element-84eae43\" data-id=\"84eae43\" data-element_type=\"column\">\n\t\t\t<div class=\"elementor-widget-wrap elementor-element-populated\">\n\t\t\t\t\t\t<section class=\"elementor-section elementor-inner-section elementor-element elementor-element-37d801d elementor-section-boxed elementor-section-height-default elementor-section-height-default\" data-id=\"37d801d\" data-element_type=\"section\">\n\t\t\t\t\t\t<div class=\"elementor-container elementor-column-gap-default\">\n\t\t\t\t\t<div class=\"elementor-column elementor-col-50 elementor-inner-column elementor-element elementor-element-32d734d\" data-id=\"32d734d\" data-element_type=\"column\">\n\t\t\t<div class=\"elementor-widget-wrap elementor-element-populated\">\n\t\t\t\t\t\t<div class=\"elementor-element elementor-element-2be1768 elementor-widget elementor-widget-heading\" data-id=\"2be1768\" data-element_type=\"widget\" data-widget_type=\"heading.default\">\n\t\t\t\t\t<h2 class=\"elementor-heading-title elementor-size-default\">La misi\u00f3n de Jennifer Irizarry, Esq. es clara: ofrecer una representaci\u00f3n eficaz, \u00e9tica y cercana, siempre con el objetivo de proteger los derechos y el futuro de sus clientes.<\/h2>\t\t\t\t<\/div>\n\t\t\t\t<div class=\"elementor-element elementor-element-0a7615f elementor-align-center elementor-widget elementor-widget-button\" data-id=\"0a7615f\" data-element_type=\"widget\" data-widget_type=\"button.default\">\n\t\t\t\t\t\t\t\t\t\t<a class=\"elementor-button elementor-button-link elementor-size-sm\" href=\"https:\/\/proinmigrante.com\/links\/\">\n\t\t\t\t\t\t<span class=\"elementor-button-content-wrapper\">\n\t\t\t\t\t\t\t\t\t<span class=\"elementor-button-text\">CONT\u00c1CTAME<\/span>\n\t\t\t\t\t<\/span>\n\t\t\t\t\t<\/a>\n\t\t\t\t\t\t\t\t<\/div>\n\t\t\t\t\t<\/div>\n\t\t<\/div>\n\t\t\t\t<div class=\"elementor-column elementor-col-50 elementor-inner-column elementor-element elementor-element-c330dd8\" data-id=\"c330dd8\" data-element_type=\"column\">\n\t\t\t<div class=\"elementor-widget-wrap elementor-element-populated\">\n\t\t\t\t\t\t<div class=\"elementor-element elementor-element-c03e976 elementor-widget elementor-widget-image\" data-id=\"c03e976\" data-element_type=\"widget\" data-widget_type=\"image.default\">\n\t\t\t\t\t\t\t\t\t\t\t\t\t\t\t<img decoding=\"async\" width=\"310\" height=\"295\" src=\"https:\/\/jenniferirizarryesq.com\/wp-content\/uploads\/2025\/09\/icon-profesional.png\" class=\"attachment-large size-large wp-image-78\" alt=\"\" srcset=\"https:\/\/jenniferirizarryesq.com\/wp-content\/uploads\/2025\/09\/icon-profesional.png 310w, https:\/\/jenniferirizarryesq.com\/wp-content\/uploads\/2025\/09\/icon-profesional-300x285.png 300w\" sizes=\"(max-width: 310px) 100vw, 310px\" \/>\t\t\t\t\t\t\t\t\t\t\t\t\t\t\t<\/div>\n\t\t\t\t\t<\/div>\n\t\t<\/div>\n\t\t\t\t\t<\/div>\n\t\t<\/section>\n\t\t\t\t\t<\/div>\n\t\t<\/div>\n\t\t\t\t\t<\/div>\n\t\t<\/section>\n\t\t\t\t<\/div>\n\t\t","protected":false},"excerpt":{"rendered":"<p>Jennifer Irizarry, Esq. Abogada de Inmigraci\u00f3n y Derechos Civiles Jennifer Irizarry, Esq. Es una reconocida abogada con m\u00e1s de diez [&hellip;]<\/p>\n","protected":false},"author":1,"featured_media":0,"parent":0,"menu_order":0,"comment_status":"closed","ping_status":"closed","template":"","meta":{"site-sidebar-layout":"default","site-content-layout":"","ast-site-content-layout":"full-width-container","site-content-style":"default","site-sidebar-style":"default","ast-global-header-display":"","ast-banner-title-visibility":"","ast-main-header-display":"","ast-hfb-above-header-display":"","ast-hfb-below-header-display":"","ast-hfb-mobile-header-display":"","site-post-title":"disabled","ast-breadcrumbs-content":"","ast-featured-img":"","footer-sml-layout":"","theme-transparent-header-meta":"","adv-header-id-meta":"","stick-header-meta":"","header-above-stick-meta":"","header-main-stick-meta":"","header-below-stick-meta":"","astra-migrate-meta-layouts":"default","ast-page-background-enabled":"default","ast-page-background-meta":{"desktop":{"background-color":"var(--ast-global-color-5)","background-image":"","background-repeat":"repeat","background-position":"center center","background-size":"auto","background-attachment":"scroll","background-type":"","background-media":"","overlay-type":"","overlay-color":"","overlay-opacity":"","overlay-gradient":""},"tablet":{"background-color":"","background-image":"","background-repeat":"repeat","background-position":"center center","background-size":"auto","background-attachment":"scroll","background-type":"","background-media":"","overlay-type":"","overlay-color":"","overlay-opacity":"","overlay-gradient":""},"mobile":{"background-color":"","background-image":"","background-repeat":"repeat","background-position":"center center","background-size":"auto","background-attachment":"scroll","background-type":"","background-media":"","overlay-type":"","overlay-color":"","overlay-opacity":"","overlay-gradient":""}},"ast-content-background-meta":{"desktop":{"background-color":"var(--ast-global-color-4)","background-image":"","background-repeat":"repeat","background-position":"center center","background-size":"auto","background-attachment":"scroll","background-type":"","background-media":"","overlay-type":"","overlay-color":"","overlay-opacity":"","overlay-gradient":""},"tablet":{"background-color":"var(--ast-global-color-4)","background-image":"","background-repeat":"repeat","background-position":"center center","background-size":"auto","background-attachment":"scroll","background-type":"","background-media":"","overlay-type":"","overlay-color":"","overlay-opacity":"","overlay-gradient":""},"mobile":{"background-color":"var(--ast-global-color-4)","background-image":"","background-repeat":"repeat","background-position":"center center","background-size":"auto","background-attachment":"scroll","background-type":"","background-media":"","overlay-type":"","overlay-color":"","overlay-opacity":"","overlay-gradient":""}},"footnotes":""},"class_list":["post-14","page","type-page","status-publish","hentry"],"yoast_head":"<!-- This site is optimized with the Yoast SEO plugin v27.2 - https:\/\/yoast.com\/product\/yoast-seo-wordpress\/ -->\n<title>Jennifer Irizarry Esq - Jennifer Irizarry Esq<\/title>\n<meta name=\"robots\" content=\"index, follow, max-snippet:-1, max-image-preview:large, max-video-preview:-1\" \/>\n<link rel=\"canonical\" href=\"https:\/\/jenniferirizarryesq.com\/\" \/>\n<meta property=\"og:locale\" content=\"en_US\" \/>\n<meta property=\"og:type\" content=\"article\" \/>\n<meta property=\"og:title\" content=\"Jennifer Irizarry Esq - Jennifer Irizarry Esq\" \/>\n<meta property=\"og:description\" content=\"Jennifer Irizarry, Esq. Abogada de Inmigraci\u00f3n y Derechos Civiles Jennifer Irizarry, Esq. Es una reconocida abogada con m\u00e1s de diez [&hellip;]\" \/>\n<meta property=\"og:url\" content=\"https:\/\/jenniferirizarryesq.com\/\" \/>\n<meta property=\"og:site_name\" content=\"Jennifer Irizarry Esq\" \/>\n<meta property=\"article:modified_time\" content=\"2025-09-23T04:02:16+00:00\" \/>\n<meta property=\"og:image\" content=\"https:\/\/jenniferirizarryesq.com\/wp-content\/uploads\/2025\/09\/Jennifer-Irizarry-Esq2.jpg\" \/>\n\t<meta property=\"og:image:width\" content=\"709\" \/>\n\t<meta property=\"og:image:height\" content=\"1141\" \/>\n\t<meta property=\"og:image:type\" content=\"image\/jpeg\" \/>\n<meta name=\"twitter:card\" content=\"summary_large_image\" \/>\n<meta name=\"twitter:label1\" content=\"Est. reading time\" \/>\n\t<meta name=\"twitter:data1\" content=\"1 minute\" \/>\n<script type=\"application\/ld+json\" class=\"yoast-schema-graph\">{\"@context\":\"https:\/\/schema.org\",\"@graph\":[{\"@type\":\"WebPage\",\"@id\":\"https:\/\/jenniferirizarryesq.com\/\",\"url\":\"https:\/\/jenniferirizarryesq.com\/\",\"name\":\"Jennifer Irizarry Esq - Jennifer Irizarry Esq\",\"isPartOf\":{\"@id\":\"https:\/\/jenniferirizarryesq.com\/#website\"},\"primaryImageOfPage\":{\"@id\":\"https:\/\/jenniferirizarryesq.com\/#primaryimage\"},\"image\":{\"@id\":\"https:\/\/jenniferirizarryesq.com\/#primaryimage\"},\"thumbnailUrl\":\"https:\/\/jenniferirizarryesq.com\/wp-content\/uploads\/2025\/09\/Jennifer-Irizarry-Esq2-636x1024.jpg\",\"datePublished\":\"2025-09-08T03:45:35+00:00\",\"dateModified\":\"2025-09-23T04:02:16+00:00\",\"breadcrumb\":{\"@id\":\"https:\/\/jenniferirizarryesq.com\/#breadcrumb\"},\"inLanguage\":\"en-US\",\"potentialAction\":[{\"@type\":\"ReadAction\",\"target\":[\"https:\/\/jenniferirizarryesq.com\/\"]}]},{\"@type\":\"ImageObject\",\"inLanguage\":\"en-US\",\"@id\":\"https:\/\/jenniferirizarryesq.com\/#primaryimage\",\"url\":\"https:\/\/jenniferirizarryesq.com\/wp-content\/uploads\/2025\/09\/Jennifer-Irizarry-Esq2.jpg\",\"contentUrl\":\"https:\/\/jenniferirizarryesq.com\/wp-content\/uploads\/2025\/09\/Jennifer-Irizarry-Esq2.jpg\",\"width\":709,\"height\":1141},{\"@type\":\"BreadcrumbList\",\"@id\":\"https:\/\/jenniferirizarryesq.com\/#breadcrumb\",\"itemListElement\":[{\"@type\":\"ListItem\",\"position\":1,\"name\":\"Home\",\"item\":\"https:\/\/jenniferirizarryesq.com\/\"},{\"@type\":\"ListItem\",\"position\":2,\"name\":\"Jennifer Irizarry Esq\"}]},{\"@type\":\"WebSite\",\"@id\":\"https:\/\/jenniferirizarryesq.com\/#website\",\"url\":\"https:\/\/jenniferirizarryesq.com\/\",\"name\":\"Jennifer Irizarry Esq\",\"description\":\"\",\"potentialAction\":[{\"@type\":\"SearchAction\",\"target\":{\"@type\":\"EntryPoint\",\"urlTemplate\":\"https:\/\/jenniferirizarryesq.com\/?s={search_term_string}\"},\"query-input\":{\"@type\":\"PropertyValueSpecification\",\"valueRequired\":true,\"valueName\":\"search_term_string\"}}],\"inLanguage\":\"en-US\"}]}<\/script>\n<!-- \/ Yoast SEO plugin. -->","yoast_head_json":{"title":"Jennifer Irizarry Esq - Jennifer Irizarry Esq","robots":{"index":"index","follow":"follow","max-snippet":"max-snippet:-1","max-image-preview":"max-image-preview:large","max-video-preview":"max-video-preview:-1"},"canonical":"https:\/\/jenniferirizarryesq.com\/","og_locale":"en_US","og_type":"article","og_title":"Jennifer Irizarry Esq - Jennifer Irizarry Esq","og_description":"Jennifer Irizarry, Esq. Abogada de Inmigraci\u00f3n y Derechos Civiles Jennifer Irizarry, Esq. Es una reconocida abogada con m\u00e1s de diez [&hellip;]","og_url":"https:\/\/jenniferirizarryesq.com\/","og_site_name":"Jennifer Irizarry Esq","article_modified_time":"2025-09-23T04:02:16+00:00","og_image":[{"width":709,"height":1141,"url":"https:\/\/jenniferirizarryesq.com\/wp-content\/uploads\/2025\/09\/Jennifer-Irizarry-Esq2.jpg","type":"image\/jpeg"}],"twitter_card":"summary_large_image","twitter_misc":{"Est. reading time":"1 minute"},"schema":{"@context":"https:\/\/schema.org","@graph":[{"@type":"WebPage","@id":"https:\/\/jenniferirizarryesq.com\/","url":"https:\/\/jenniferirizarryesq.com\/","name":"Jennifer Irizarry Esq - Jennifer Irizarry Esq","isPartOf":{"@id":"https:\/\/jenniferirizarryesq.com\/#website"},"primaryImageOfPage":{"@id":"https:\/\/jenniferirizarryesq.com\/#primaryimage"},"image":{"@id":"https:\/\/jenniferirizarryesq.com\/#primaryimage"},"thumbnailUrl":"https:\/\/jenniferirizarryesq.com\/wp-content\/uploads\/2025\/09\/Jennifer-Irizarry-Esq2-636x1024.jpg","datePublished":"2025-09-08T03:45:35+00:00","dateModified":"2025-09-23T04:02:16+00:00","breadcrumb":{"@id":"https:\/\/jenniferirizarryesq.com\/#breadcrumb"},"inLanguage":"en-US","potentialAction":[{"@type":"ReadAction","target":["https:\/\/jenniferirizarryesq.com\/"]}]},{"@type":"ImageObject","inLanguage":"en-US","@id":"https:\/\/jenniferirizarryesq.com\/#primaryimage","url":"https:\/\/jenniferirizarryesq.com\/wp-content\/uploads\/2025\/09\/Jennifer-Irizarry-Esq2.jpg","contentUrl":"https:\/\/jenniferirizarryesq.com\/wp-content\/uploads\/2025\/09\/Jennifer-Irizarry-Esq2.jpg","width":709,"height":1141},{"@type":"BreadcrumbList","@id":"https:\/\/jenniferirizarryesq.com\/#breadcrumb","itemListElement":[{"@type":"ListItem","position":1,"name":"Home","item":"https:\/\/jenniferirizarryesq.com\/"},{"@type":"ListItem","position":2,"name":"Jennifer Irizarry Esq"}]},{"@type":"WebSite","@id":"https:\/\/jenniferirizarryesq.com\/#website","url":"https:\/\/jenniferirizarryesq.com\/","name":"Jennifer Irizarry Esq","description":"","potentialAction":[{"@type":"SearchAction","target":{"@type":"EntryPoint","urlTemplate":"https:\/\/jenniferirizarryesq.com\/?s={search_term_string}"},"query-input":{"@type":"PropertyValueSpecification","valueRequired":true,"valueName":"search_term_string"}}],"inLanguage":"en-US"}]}},"_links":{"self":[{"href":"https:\/\/jenniferirizarryesq.com\/index.php?rest_route=\/wp\/v2\/pages\/14","targetHints":{"allow":["GET"]}}],"collection":[{"href":"https:\/\/jenniferirizarryesq.com\/index.php?rest_route=\/wp\/v2\/pages"}],"about":[{"href":"https:\/\/jenniferirizarryesq.com\/index.php?rest_route=\/wp\/v2\/types\/page"}],"author":[{"embeddable":true,"href":"https:\/\/jenniferirizarryesq.com\/index.php?rest_route=\/wp\/v2\/users\/1"}],"replies":[{"embeddable":true,"href":"https:\/\/jenniferirizarryesq.com\/index.php?rest_route=%2Fwp%2Fv2%2Fcomments&post=14"}],"version-history":[{"count":20,"href":"https:\/\/jenniferirizarryesq.com\/index.php?rest_route=\/wp\/v2\/pages\/14\/revisions"}],"predecessor-version":[{"id":147,"href":"https:\/\/jenniferirizarryesq.com\/index.php?rest_route=\/wp\/v2\/pages\/14\/revisions\/147"}],"wp:attachment":[{"href":"https:\/\/jenniferirizarryesq.com\/index.php?rest_route=%2Fwp%2Fv2%2Fmedia&parent=14"}],"curies":[{"name":"wp","href":"https:\/\/api.w.org\/{rel}","templated":true}]}}